{"id":1271,"date":"2024-11-07T15:20:53","date_gmt":"2024-11-07T14:20:53","guid":{"rendered":"https:\/\/fct.hu\/masthead\/"},"modified":"2024-11-09T11:46:27","modified_gmt":"2024-11-09T10:46:27","slug":"masthead","status":"publish","type":"page","link":"https:\/\/fct.hu\/en\/masthead\/","title":{"rendered":"masthead"},"content":{"rendered":"\n[et_pb_section fb_built=&#8221;1&#8243; admin_label=&#8221;Hero&#8221; _builder_version=&#8221;4.27.2&#8243; use_background_color_gradient=&#8221;on&#8221; background_color_gradient_type=&#8221;circular&#8221; background_color_gradient_direction_radial=&#8221;top left&#8221; background_color_gradient_stops=&#8221;rgba(40,40,40,0.79) 0%|rgba(40,40,40,0.86) 100%&#8221; background_color_gradient_overlays_image=&#8221;on&#8221; background_color_gradient_start=&#8221;rgba(40,40,40,0.79)&#8221; background_color_gradient_end=&#8221;rgba(40,40,40,0.86)&#8221; background_image=&#8221;https:\/\/fct.hu\/wp-content\/uploads\/2024\/11\/construction-33.jpg&#8221; custom_margin=&#8221;||||false&#8221; custom_padding=&#8221;10vw||10vw||true|false&#8221; global_colors_info=&#8221;{}&#8221;][et_pb_row _builder_version=&#8221;4.16&#8243; global_colors_info=&#8221;{}&#8221;][et_pb_column type=&#8221;4_4&#8243; _builder_version=&#8221;4.16&#8243; custom_padding=&#8221;|||&#8221; global_colors_info=&#8221;{}&#8221; custom_padding__hover=&#8221;|||&#8221;][et_pb_text _builder_version=&#8221;4.27.2&#8243; text_font=&#8221;||||||||&#8221; header_font=&#8221;Rubik|700|||||||&#8221; header_font_size=&#8221;64px&#8221; header_line_height=&#8221;1.1em&#8221; background_layout=&#8221;dark&#8221; max_width=&#8221;800px&#8221; custom_margin=&#8221;||0px|&#8221; custom_padding=&#8221;|||16px&#8221; hover_enabled=&#8221;0&#8243; text_font_size_tablet=&#8221;14px&#8221; text_font_size_last_edited=&#8221;off|desktop&#8221; header_font_size_tablet=&#8221;44px&#8221; header_font_size_phone=&#8221;32px&#8221; header_font_size_last_edited=&#8221;on|phone&#8221; border_color_all=&#8221;#ffb400&#8243; border_width_left=&#8221;10px&#8221; border_color_left=&#8221;#75c8f1&#8243; global_colors_info=&#8221;{}&#8221; sticky_enabled=&#8221;0&#8243;]<h1>masthead<\/h1>[\/et_pb_text][\/et_pb_column][\/et_pb_row][\/et_pb_section][et_pb_section fb_built=&#8221;1&#8243; _builder_version=&#8221;4.27.2&#8243; _module_preset=&#8221;default&#8221; background_color=&#8221;#f7f7f7&#8243; global_colors_info=&#8221;{}&#8221;][et_pb_row _builder_version=&#8221;4.27.2&#8243; _module_preset=&#8221;default&#8221; global_colors_info=&#8221;{}&#8221;][et_pb_column type=&#8221;4_4&#8243; _builder_version=&#8221;4.27.2&#8243; _module_preset=&#8221;default&#8221; global_colors_info=&#8221;{}&#8221;][et_pb_text _builder_version=&#8221;4.27.2&#8243; _module_preset=&#8221;default&#8221; hover_enabled=&#8221;0&#8243; global_colors_info=&#8221;{}&#8221; sticky_enabled=&#8221;0&#8243;]<p><strong>WEBSITE MAINTAINED BY:<\/strong><\/p>\n<ul>\n<li>Company name:<span> <\/span><strong>FISCONT Zrt.<\/strong><\/li>\n<li>Headquarters: 2040 Buda\u00f6rs, Szabads\u00e1g \u00fat 117.<\/li>\n<li>Company registration number: 13-10-042109<\/li>\n<li>Tax number: 28792840-2-13<\/li>\n<\/ul>\n<p><strong>HOSTING PROVIDER:<\/strong><\/p>\n<ul>\n<li>Company name: SMB Best Admin Kft.<\/li>\n<li>Headquarters: 1165 Budapest, M\u00e1t\u00e9 utca 2.<\/li>\n<li>Company registration number: 13-09-133447<\/li>\n<li>Tax number: <span>11675334-2-42<\/span><\/li>\n<li>E-mail address: info@smbbest.hu<\/li>\n<li>Website: <a href=\"https:\/\/smbbest.hu\">https:\/\/smbbest.hu<\/a><\/li>\n<\/ul>[\/et_pb_text][\/et_pb_column][\/et_pb_row][et_pb_row _builder_version=&#8221;4.27.2&#8243; _module_preset=&#8221;default&#8221; global_colors_info=&#8221;{}&#8221;][et_pb_column type=&#8221;4_4&#8243; _builder_version=&#8221;4.27.2&#8243; _module_preset=&#8221;default&#8221; global_colors_info=&#8221;{}&#8221;][et_pb_image src=&#8221;https:\/\/fct.hu\/wp-content\/uploads\/2024\/11\/fiscont-logo.svg&#8221; title_text=&#8221;fiscon logo&#8221; align=&#8221;center&#8221; _builder_version=&#8221;4.27.2&#8243; _module_preset=&#8221;default&#8221; width=&#8221;58%&#8221; global_colors_info=&#8221;{}&#8221;][\/et_pb_image][\/et_pb_column][\/et_pb_row][\/et_pb_section]\n","protected":false},"excerpt":{"rendered":"<p>mastheadWEBSITE MAINTAINED BY: Company name: FISCONT Zrt. Headquarters: 2040 Buda\u00f6rs, Szabads\u00e1g \u00fat 117. Company registration number: 13-10-042109 Tax number: 28792840-2-13 HOSTING PROVIDER: Company name: SMB Best Admin Kft. Headquarters: 1165 Budapest, M\u00e1t\u00e9 utca 2. Company registration number: 13-09-133447 Tax number: 11675334-2-42 E-mail address: info@smbbest.hu Website: https:\/\/smbbest.hu<\/p>\n","protected":false},"author":1,"featured_media":0,"parent":0,"menu_order":0,"comment_status":"closed","ping_status":"closed","template":"","meta":{"_et_pb_use_builder":"on","_et_pb_old_content":"","_et_gb_content_width":"","inline_featured_image":false,"footnotes":""},"class_list":["post-1271","page","type-page","status-publish","hentry"],"_links":{"self":[{"href":"https:\/\/fct.hu\/en\/wp-json\/wp\/v2\/pages\/1271","targetHints":{"allow":["GET"]}}],"collection":[{"href":"https:\/\/fct.hu\/en\/wp-json\/wp\/v2\/pages"}],"about":[{"href":"https:\/\/fct.hu\/en\/wp-json\/wp\/v2\/types\/page"}],"author":[{"embeddable":true,"href":"https:\/\/fct.hu\/en\/wp-json\/wp\/v2\/users\/1"}],"replies":[{"embeddable":true,"href":"https:\/\/fct.hu\/en\/wp-json\/wp\/v2\/comments?post=1271"}],"version-history":[{"count":1,"href":"https:\/\/fct.hu\/en\/wp-json\/wp\/v2\/pages\/1271\/revisions"}],"predecessor-version":[{"id":1272,"href":"https:\/\/fct.hu\/en\/wp-json\/wp\/v2\/pages\/1271\/revisions\/1272"}],"wp:attachment":[{"href":"https:\/\/fct.hu\/en\/wp-json\/wp\/v2\/media?parent=1271"}],"curies":[{"name":"wp","href":"https:\/\/api.w.org\/{rel}","templated":true}]}}