{"id":1493,"date":"2024-11-04T15:29:36","date_gmt":"2024-11-04T14:29:36","guid":{"rendered":"https:\/\/fct.hu\/ueber\/"},"modified":"2024-11-09T19:28:18","modified_gmt":"2024-11-09T18:28:18","slug":"ueber","status":"publish","type":"page","link":"https:\/\/fct.hu\/de\/ueber\/","title":{"rendered":"\u00dcber"},"content":{"rendered":"<p>[et_pb_section fb_built=&#8220;1&#8243; specialty=&#8220;on&#8220; background_color_2=&#8220;#f7f7f7&#8243; padding_top_1=&#8220;80px&#8220; padding_top_2=&#8220;60px&#8220; padding_bottom_1=&#8220;80px&#8220; padding_left_1=&#8220;60px&#8220; padding_top_bottom_link_1=&#8220;true&#8220; padding_left_right_link_1=&#8220;false&#8220; padding_1_tablet=&#8220;|10%||10%||true&#8220; padding_1_phone=&#8220;&#8220; padding_1_last_edited=&#8220;on|tablet&#8220; admin_label=&#8220;About Us&#8220; module_id=&#8220;rolunk&#8220; _builder_version=&#8220;4.27.2&#8243; background_color=&#8220;#75c8f1&#8243; inner_width=&#8220;100%&#8220; inner_max_width=&#8220;100%&#8220; custom_padding=&#8220;0||0||false|false&#8220; use_custom_width=&#8220;on&#8220; width_unit=&#8220;off&#8220; custom_width_percent=&#8220;100%&#8220; global_module=&#8220;1490&#8243; global_colors_info=&#8220;{}&#8220;][et_pb_column type=&#8220;1_3&#8243; _builder_version=&#8220;4.16&#8243; custom_padding=&#8220;|||&#8220; global_colors_info=&#8220;{}&#8220; padding_tablet=&#8220;|10%||10%||true&#8220; padding_last_edited=&#8220;on|tablet&#8220; custom_padding__hover=&#8220;|||&#8220; padding_phone=&#8220;|10%||10%||true&#8220;][et_pb_blurb title=&#8220;Gr\u00fcnes Bauen&#8220; use_icon=&#8220;on&#8220; font_icon=&#8220;&#x39;||divi||400&#8243; icon_color=&#8220;#ffffff&#8220; icon_placement=&#8220;left&#8220; image_icon_width=&#8220;56px&#8220; content_max_width=&#8220;1100px&#8220; content_max_width_tablet=&#8220;1100px&#8220; content_max_width_last_edited=&#8220;off|desktop&#8220; _builder_version=&#8220;4.27.2&#8243; header_font=&#8220;Rubik|700|||||||&#8220; header_line_height=&#8220;1.4em&#8220; body_font=&#8220;||||||||&#8220; body_text_color=&#8220;#ffffff&#8220; body_font_size=&#8220;15px&#8220; body_line_height=&#8220;1.8em&#8220; custom_margin=&#8220;|||&#8220; custom_padding=&#8220;|||&#8220; animation_style=&#8220;slide&#8220; animation_direction=&#8220;right&#8220; animation_intensity_slide=&#8220;10%&#8220; animation=&#8220;off&#8220; icon_font_size=&#8220;56px&#8220; locked=&#8220;off&#8220; global_colors_info=&#8220;{}&#8220;][\/et_pb_blurb][et_pb_blurb title=&#8220;Die neuesten technologischen Verfahren&#8220; use_icon=&#8220;on&#8220; font_icon=&#8220;&#x39;||divi||400&#8243; icon_color=&#8220;#ffffff&#8220; icon_placement=&#8220;left&#8220; image_icon_width=&#8220;56px&#8220; content_max_width=&#8220;1100px&#8220; content_max_width_tablet=&#8220;1100px&#8220; content_max_width_last_edited=&#8220;off|desktop&#8220; _builder_version=&#8220;4.27.2&#8243; header_font=&#8220;Rubik|700|||||||&#8220; header_line_height=&#8220;1.4em&#8220; body_font=&#8220;||||||||&#8220; body_text_color=&#8220;#ffffff&#8220; body_font_size=&#8220;15px&#8220; body_line_height=&#8220;1.8em&#8220; custom_margin=&#8220;|||&#8220; custom_padding=&#8220;|||&#8220; animation_style=&#8220;slide&#8220; animation_direction=&#8220;right&#8220; animation_intensity_slide=&#8220;10%&#8220; animation=&#8220;off&#8220; icon_font_size=&#8220;56px&#8220; locked=&#8220;off&#8220; global_colors_info=&#8220;{}&#8220;][\/et_pb_blurb][et_pb_blurb title=&#8220;Ausgezeichnetes Baumanagement&#8220; use_icon=&#8220;on&#8220; font_icon=&#8220;&#x39;||divi||400&#8243; icon_color=&#8220;#ffffff&#8220; icon_placement=&#8220;left&#8220; image_icon_width=&#8220;56px&#8220; content_max_width=&#8220;1100px&#8220; content_max_width_tablet=&#8220;1100px&#8220; content_max_width_last_edited=&#8220;off|desktop&#8220; _builder_version=&#8220;4.27.2&#8243; header_font=&#8220;Rubik|700|||||||&#8220; header_line_height=&#8220;1.4em&#8220; body_font=&#8220;||||||||&#8220; body_text_color=&#8220;#ffffff&#8220; body_font_size=&#8220;15px&#8220; body_line_height=&#8220;1.8em&#8220; custom_margin=&#8220;|||&#8220; custom_padding=&#8220;|||&#8220; animation_style=&#8220;slide&#8220; animation_direction=&#8220;right&#8220; animation_intensity_slide=&#8220;10%&#8220; animation=&#8220;off&#8220; icon_font_size=&#8220;56px&#8220; locked=&#8220;off&#8220; global_colors_info=&#8220;{}&#8220;][\/et_pb_blurb][\/et_pb_column][et_pb_column type=&#8220;2_3&#8243; specialty_columns=&#8220;2&#8243; _builder_version=&#8220;4.16&#8243; background_color=&#8220;#f7f7f7&#8243; custom_padding=&#8220;|||&#8220; global_colors_info=&#8220;{}&#8220; custom_padding__hover=&#8220;|||&#8220;][et_pb_row_inner custom_padding_last_edited=&#8220;on|tablet&#8220; _builder_version=&#8220;4.16&#8243; custom_margin=&#8220;|||&#8220; custom_padding=&#8220;|8vw|45px|8vw|false|false&#8220; custom_padding_tablet=&#8220;|40px||40px||true&#8220; custom_padding_phone=&#8220;&#8220; global_colors_info=&#8220;{}&#8220;][et_pb_column_inner saved_specialty_column_type=&#8220;2_3&#8243; _builder_version=&#8220;4.16&#8243; custom_padding=&#8220;|||&#8220; global_colors_info=&#8220;{}&#8220; custom_padding__hover=&#8220;|||&#8220;][et_pb_text _builder_version=&#8220;4.27.2&#8243; text_font=&#8220;||||||||&#8220; header_font=&#8220;||||||||&#8220; header_2_font=&#8220;Rubik|700|||||||&#8220; header_2_font_size=&#8220;42px&#8220; header_2_line_height=&#8220;1.2em&#8220; module_alignment=&#8220;center&#8220; custom_margin=&#8220;|||&#8220; custom_padding=&#8220;|||&#8220; header_2_font_size_tablet=&#8220;&#8220; header_2_font_size_phone=&#8220;36px&#8220; header_2_font_size_last_edited=&#8220;on|phone&#8220; locked=&#8220;off&#8220; global_colors_info=&#8220;{}&#8220;]<\/p>\n<h2>&#8230;kein Projekt ist zu gro\u00df.<\/h2>\n<p>[\/et_pb_text][et_pb_divider color=&#8220;#75c8f1&#8243; divider_position=&#8220;center&#8220; divider_weight=&#8220;5px&#8220; _builder_version=&#8220;4.27.2&#8243; max_width=&#8220;50px&#8220; global_colors_info=&#8220;{}&#8220;][\/et_pb_divider][\/et_pb_column_inner][\/et_pb_row_inner][et_pb_row_inner column_structure=&#8220;1_2,1_2&#8243; use_custom_gutter=&#8220;on&#8220; custom_padding_last_edited=&#8220;on|tablet&#8220; _builder_version=&#8220;4.16&#8243; module_alignment=&#8220;center&#8220; custom_margin=&#8220;|||&#8220; custom_padding=&#8220;0px|8vw|0px|8vw|true|true&#8220; custom_padding_tablet=&#8220;|40px||40px||true&#8220; custom_padding_phone=&#8220;&#8220; global_colors_info=&#8220;{}&#8220;][et_pb_column_inner type=&#8220;1_2&#8243; saved_specialty_column_type=&#8220;2_3&#8243; _builder_version=&#8220;4.16&#8243; custom_padding=&#8220;|||&#8220; custom_padding_tablet=&#8220;|0px||&#8220; custom_padding_last_edited=&#8220;off|desktop&#8220; global_colors_info=&#8220;{}&#8220; padding_tablet=&#8220;|0px||&#8220; padding_last_edited=&#8220;off|desktop&#8220; custom_padding__hover=&#8220;|||&#8220;][et_pb_text _builder_version=&#8220;4.27.2&#8243; text_font=&#8220;||||||||&#8220; text_font_size=&#8220;15px&#8220; text_line_height=&#8220;1.8em&#8220; custom_padding=&#8220;|||&#8220; custom_padding_tablet=&#8220;|40px||40px||true&#8220; custom_padding_last_edited=&#8220;off|desktop&#8220; global_colors_info=&#8220;{}&#8220;]<\/p>\n<p>Das Expertenteam der Fiscont Holding widmet sich dem professionellen Management von Gro\u00dfprojekten, ob es sich nun um Industrieanlagen oder Immobilienprojekte handelt. Unser Ziel ist nicht nur die Optimierung von Fristen und Kosten, sondern auch die Gew\u00e4hrleistung von Qualit\u00e4t und Innovation in jedem Detail. Unsere erfahrenen Fachleute garantieren die besten Ergebnisse unter Ber\u00fccksichtigung von Nachhaltigkeit und Energieeffizienz. Unser Projektmanagement bietet umfassende Unterst\u00fctzung vom Entwurf bis zur Lieferung, wobei die Zufriedenheit unserer Partner im Vordergrund steht. Bei uns wird jedes Projekt mit einem hohen Ma\u00df an Fachwissen geliefert.    <\/p>\n<p>[\/et_pb_text][\/et_pb_column_inner][et_pb_column_inner type=&#8220;1_2&#8243; saved_specialty_column_type=&#8220;2_3&#8243; _builder_version=&#8220;4.16&#8243; custom_padding=&#8220;|||&#8220; global_colors_info=&#8220;{}&#8220; custom_padding__hover=&#8220;|||&#8220;][et_pb_text _builder_version=&#8220;4.27.2&#8243; text_font=&#8220;||||||||&#8220; text_font_size=&#8220;15px&#8220; text_line_height=&#8220;1.8em&#8220; locked=&#8220;off&#8220; global_colors_info=&#8220;{}&#8220;]<\/p>\n<p>Die Fiscont Holding ist nicht nur ein Bauunternehmen, sondern ein Synonym f\u00fcr Qualit\u00e4t und Zuverl\u00e4ssigkeit in der modernen Immobilienentwicklung. Mit mehr als 20 Jahren Erfahrung bieten wir eine umfassende Palette von Dienstleistungen unter Verwendung der neuesten Technologien und nachhaltiger L\u00f6sungen. Unser Ziel ist es, daf\u00fcr zu sorgen, dass jedes Projekt, ob Wohn- oder Gesch\u00e4ftshaus, ein einzigartiger Wert ist, wobei wir die Bed\u00fcrfnisse unserer Partner und der Umwelt ber\u00fccksichtigen. Unser innovativer Ansatz und unser sorgf\u00e4ltiges Projektmanagement sorgen daf\u00fcr, dass sich auch die kleinsten Details perfekt in das gro\u00dfe Ganze einf\u00fcgen.   <\/p>\n<p>[\/et_pb_text][\/et_pb_column_inner][\/et_pb_row_inner][et_pb_row_inner column_structure=&#8220;1_2,1_2&#8243; padding_top_bottom_link_1=&#8220;true&#8220; padding_top_bottom_link_2=&#8220;true&#8220; padding_left_right_link_1=&#8220;true&#8220; padding_left_right_link_2=&#8220;true&#8220; _builder_version=&#8220;4.16&#8243; background_color=&#8220;#2a2a2a&#8220; custom_margin=&#8220;120px||0px|&#8220; custom_padding=&#8220;0px||0px||true&#8220; global_colors_info=&#8220;{}&#8220;][et_pb_column_inner type=&#8220;1_2&#8243; saved_specialty_column_type=&#8220;2_3&#8243; _builder_version=&#8220;4.16&#8243; custom_padding=&#8220;35px|30px|35px|30px&#8220; global_colors_info=&#8220;{}&#8220; custom_padding__hover=&#8220;|||&#8220;][et_pb_text _builder_version=&#8220;4.27.2&#8243; text_font=&#8220;||||||||&#8220; header_font=&#8220;||||||||&#8220; header_2_font=&#8220;||||||||&#8220; header_3_font=&#8220;Rubik|700|||||||&#8220; header_3_font_size=&#8220;30px&#8220; header_3_line_height=&#8220;1.4em&#8220; header_4_font=&#8220;Rubik||||||||&#8220; header_4_font_size=&#8220;24px&#8220; header_4_letter_spacing=&#8220;3px&#8220; header_4_line_height=&#8220;1.4em&#8220; background_layout=&#8220;dark&#8220; box_shadow_style=&#8220;preset3&#8243; box_shadow_vertical=&#8220;30px&#8220; box_shadow_blur=&#8220;65px&#8220; box_shadow_spread=&#8220;-30px&#8220; box_shadow_color=&#8220;rgba(0,0,0,0.35)&#8220; global_colors_info=&#8220;{}&#8220;]<\/p>\n<h3>Fordern Sie eine kostenlose Beratung an!<\/h3>\n<p>[\/et_pb_text][\/et_pb_column_inner][et_pb_column_inner type=&#8220;1_2&#8243; saved_specialty_column_type=&#8220;2_3&#8243; _builder_version=&#8220;4.16&#8243; custom_padding=&#8220;35px|30px|35px|30px&#8220; global_colors_info=&#8220;{}&#8220; custom_padding__hover=&#8220;|||&#8220;][et_pb_button button_url=&#8220;#urlap&#8220; button_text=&#8220;Ausf\u00fcllen des Formulars&#8220; button_alignment=&#8220;left&#8220; _builder_version=&#8220;4.27.2&#8243; custom_button=&#8220;on&#8220; button_text_size=&#8220;14px&#8220; button_text_color=&#8220;#2a2a2a&#8220; button_border_width=&#8220;4px&#8220; button_border_color=&#8220;#75c8f1&#8243; button_border_radius=&#8220;0px&#8220; button_letter_spacing=&#8220;4px&#8220; button_font=&#8220;Arimo|700||on|||||&#8220; button_icon=&#8220;&#x24;||divi||400&#8243; custom_margin=&#8220;|||&#8220; custom_padding=&#8220;12px|30px|12px|30px|true|true&#8220; hover_enabled=&#8220;0&#8243; button_text_color_hover=&#8220;#ffffff&#8220; button_border_color_hover=&#8220;#ffb400&#8243; button_bg_color_hover=&#8220;#ffb400&#8243; locked=&#8220;off&#8220; global_colors_info=&#8220;{}&#8220; button_text_size__hover_enabled=&#8220;off&#8220; button_one_text_size__hover_enabled=&#8220;off&#8220; button_two_text_size__hover_enabled=&#8220;off&#8220; button_text_color__hover_enabled=&#8220;on&#8220; button_text_color__hover=&#8220;#4a4a4a&#8220; button_one_text_color__hover_enabled=&#8220;off&#8220; button_two_text_color__hover_enabled=&#8220;off&#8220; button_border_width__hover_enabled=&#8220;off&#8220; button_one_border_width__hover_enabled=&#8220;off&#8220; button_two_border_width__hover_enabled=&#8220;off&#8220; button_border_color__hover_enabled=&#8220;on|hover&#8220; button_border_color__hover=&#8220;#75c8f1&#8243; button_one_border_color__hover_enabled=&#8220;off&#8220; button_two_border_color__hover_enabled=&#8220;off&#8220; button_border_radius__hover_enabled=&#8220;off&#8220; button_one_border_radius__hover_enabled=&#8220;off&#8220; button_two_border_radius__hover_enabled=&#8220;off&#8220; button_letter_spacing__hover_enabled=&#8220;off&#8220; button_one_letter_spacing__hover_enabled=&#8220;off&#8220; button_two_letter_spacing__hover_enabled=&#8220;off&#8220; button_bg_color__hover_enabled=&#8220;on&#8220; button_bg_color__hover=&#8220;#75c8f1&#8243; button_one_bg_color__hover_enabled=&#8220;off&#8220; button_two_bg_color__hover_enabled=&#8220;off&#8220; button_bg_enable_color__hover=&#8220;on&#8220; sticky_enabled=&#8220;0&#8243;][\/et_pb_button][\/et_pb_column_inner][\/et_pb_row_inner][\/et_pb_column][\/et_pb_section]<\/p>\n","protected":false},"excerpt":{"rendered":"<p>&#8230;kein Projekt ist zu gro\u00df.Das Expertenteam der Fiscont Holding widmet sich dem professionellen Management von Gro\u00dfprojekten, ob es sich nun um Industrieanlagen oder Immobilienprojekte handelt. Unser Ziel ist nicht nur die Optimierung von Fristen und Kosten, sondern auch die Gew\u00e4hrleistung von Qualit\u00e4t und Innovation in jedem Detail. Unsere erfahrenen Fachleute garantieren die besten Ergebnisse unter [&hellip;]<\/p>\n","protected":false},"author":1,"featured_media":0,"parent":0,"menu_order":0,"comment_status":"closed","ping_status":"closed","template":"","meta":{"_et_pb_use_builder":"on","_et_pb_old_content":"","_et_gb_content_width":"","inline_featured_image":false,"footnotes":""},"class_list":["post-1493","page","type-page","status-publish","hentry"],"_links":{"self":[{"href":"https:\/\/fct.hu\/de\/wp-json\/wp\/v2\/pages\/1493","targetHints":{"allow":["GET"]}}],"collection":[{"href":"https:\/\/fct.hu\/de\/wp-json\/wp\/v2\/pages"}],"about":[{"href":"https:\/\/fct.hu\/de\/wp-json\/wp\/v2\/types\/page"}],"author":[{"embeddable":true,"href":"https:\/\/fct.hu\/de\/wp-json\/wp\/v2\/users\/1"}],"replies":[{"embeddable":true,"href":"https:\/\/fct.hu\/de\/wp-json\/wp\/v2\/comments?post=1493"}],"version-history":[{"count":12,"href":"https:\/\/fct.hu\/de\/wp-json\/wp\/v2\/pages\/1493\/revisions"}],"predecessor-version":[{"id":1600,"href":"https:\/\/fct.hu\/de\/wp-json\/wp\/v2\/pages\/1493\/revisions\/1600"}],"wp:attachment":[{"href":"https:\/\/fct.hu\/de\/wp-json\/wp\/v2\/media?parent=1493"}],"curies":[{"name":"wp","href":"https:\/\/api.w.org\/{rel}","templated":true}]}}