{"id":1389,"date":"2024-11-07T10:55:48","date_gmt":"2024-11-07T09:55:48","guid":{"rendered":"https:\/\/fct.hu\/aktivitaet\/immobilienentwicklung\/"},"modified":"2024-11-17T17:20:52","modified_gmt":"2024-11-17T16:20:52","slug":"immobilienentwicklung","status":"publish","type":"page","link":"https:\/\/fct.hu\/de\/aktivitaet\/immobilienentwicklung\/","title":{"rendered":"Immobilienentwicklung, Projektmanagement"},"content":{"rendered":"<p>[et_pb_section fb_built=&#8220;1&#8243; admin_label=&#8220;Hero&#8220; _builder_version=&#8220;4.27.2&#8243; use_background_color_gradient=&#8220;on&#8220; background_color_gradient_type=&#8220;circular&#8220; background_color_gradient_direction_radial=&#8220;top left&#8220; background_color_gradient_stops=&#8220;rgba(40,40,40,0.79) 0%|rgba(40,40,40,0.86) 100%&#8220; background_color_gradient_overlays_image=&#8220;on&#8220; background_color_gradient_start=&#8220;rgba(40,40,40,0.79)&#8220; background_color_gradient_end=&#8220;rgba(40,40,40,0.86)&#8220; background_image=&#8220;https:\/\/fct.hu\/wp-content\/uploads\/2024\/11\/construction-33.jpg&#8220; custom_margin=&#8220;||||false&#8220; custom_padding=&#8220;10vw||10vw||true|false&#8220; global_colors_info=&#8220;{}&#8220;][et_pb_row _builder_version=&#8220;4.16&#8243; global_colors_info=&#8220;{}&#8220;][et_pb_column type=&#8220;4_4&#8243; _builder_version=&#8220;4.16&#8243; custom_padding=&#8220;|||&#8220; global_colors_info=&#8220;{}&#8220; custom_padding__hover=&#8220;|||&#8220;][et_pb_text _builder_version=&#8220;4.27.3&#8243; text_font=&#8220;||||||||&#8220; header_font=&#8220;Rubik|700|||||||&#8220; header_font_size=&#8220;64px&#8220; header_line_height=&#8220;1.1em&#8220; background_layout=&#8220;dark&#8220; max_width=&#8220;800px&#8220; custom_margin=&#8220;||0px|&#8220; custom_padding=&#8220;|||16px&#8220; hover_enabled=&#8220;0&#8243; text_font_size_tablet=&#8220;14px&#8220; text_font_size_last_edited=&#8220;off|desktop&#8220; header_font_size_tablet=&#8220;44px&#8220; header_font_size_phone=&#8220;32px&#8220; header_font_size_last_edited=&#8220;on|phone&#8220; border_color_all=&#8220;#ffb400&#8243; border_width_left=&#8220;10px&#8220; border_color_left=&#8220;#75c8f1&#8243; global_colors_info=&#8220;{}&#8220; sticky_enabled=&#8220;0&#8243;]<\/p>\n<h1>Immobilienentwicklung, Projektmanagement<\/h1>\n<p>[\/et_pb_text][\/et_pb_column][\/et_pb_row][\/et_pb_section][et_pb_section fb_built=&#8220;1&#8243; _builder_version=&#8220;4.27.2&#8243; _module_preset=&#8220;default&#8220; background_color=&#8220;#f7f7f7&#8243; global_colors_info=&#8220;{}&#8220;][et_pb_row _builder_version=&#8220;4.27.2&#8243; _module_preset=&#8220;default&#8220; global_colors_info=&#8220;{}&#8220;][et_pb_column type=&#8220;4_4&#8243; _builder_version=&#8220;4.27.2&#8243; _module_preset=&#8220;default&#8220; global_colors_info=&#8220;{}&#8220;][et_pb_text _builder_version=&#8220;4.27.2&#8243; _module_preset=&#8220;default&#8220; global_colors_info=&#8220;{}&#8220;]<\/p>\n<div class=\"statText\">\n<p style=\"text-align: justify;\">Die Immobilienentwicklung hat sich in den letzten Jahren zu einer stabilen Gesch\u00e4ftseinheit innerhalb der <strong>Holding<\/strong> entwickelt.<\/p>\n<p style=\"text-align: justify;\">Die Wahl des Standortes, die Definition der passenden Zielgruppe und die Wahl der passenden technischen Inhalte in Kombination mit neuen Technologien sind die Schl\u00fcssel f\u00fcr erfolgreiche Immobilienentwicklungen.<\/p>\n<p style=\"text-align: justify;\">Dank unserer Ingenieure und exzellenten Fachleute schaffen wir hochwertige H\u00e4user.<\/p>\n<\/div>\n<p>[\/et_pb_text][\/et_pb_column][\/et_pb_row][et_pb_row _builder_version=&#8220;4.27.2&#8243; _module_preset=&#8220;default&#8220; global_colors_info=&#8220;{}&#8220;][et_pb_column type=&#8220;4_4&#8243; _builder_version=&#8220;4.27.2&#8243; _module_preset=&#8220;default&#8220; global_colors_info=&#8220;{}&#8220;][et_pb_text _builder_version=&#8220;4.27.2&#8243; _module_preset=&#8220;default&#8220; global_colors_info=&#8220;{}&#8220; theme_builder_area=&#8220;post_content&#8220;]<\/p>\n<div class=\"statText\">\n<p style=\"text-align: center;\"><span style=\"font-size: 1.25em;\"><strong>PROJEKTMANAGEMENT F\u00dcR DIE IMMOBILIENENTWICKLUNG<\/strong><\/span><\/p>\n<p style=\"text-align: left;\">Unser Unternehmen bietet professionelle und weitreichende Projektmanagement-Dienstleistungen im Bereich der Immobilieninvestitionen sowohl f\u00fcr inl\u00e4ndische als auch f\u00fcr internationale Investoren an.<\/p>\n<p style=\"text-align: left;\">Unser Ziel ist es, unsere Kunden mit unserem projektspezifischen Leistungspaket und unseren Experten unter Ber\u00fccksichtigung der Besonderheiten der Immobilienentwicklung bei der Formulierung ihrer genauen Bed\u00fcrfnisse in Bezug auf das Bauvorhaben, der Optimierung des technischen Inhalts und der Wertsch\u00f6pfung durch die erfolgreiche Umsetzung des Projekts zu unterst\u00fctzen.<\/p>\n<p><strong>Relevante Bereiche unserer Projektmanagement-T\u00e4tigkeit:<\/strong><\/p>\n<ul>\n<li><strong>Investitionsvorbereitung, Organisation, Durchf\u00fchrung:<\/strong><br \/>Im Rahmen unseres umfassenden Bauprojektmanagements \u00fcbernehmen wir eine umfassende Administration und bieten neben der Ingenieurberatung auch methodische und kommunikative Unterst\u00fctzung.<\/li>\n<li><strong>Abstimmung der Gestaltung:<\/strong><br \/>Wir koordinieren den gesamten Designprozess mit eigenen oder beauftragten Designern.<\/li>\n<li><strong>Durchf\u00fchrung der Ausschreibung:<\/strong><br \/>Wir verwalten den gesamten Beschaffungsprozess, beginnend mit der Planung und Terminierung der gesamten Beschaffung \u2013 des technischen Inhalts und der Projektdokumentation der Investition \u2013 und unterst\u00fctzen bei der Erstellung der Ausschreibungsunterlagen, der Bewertung und des Vergleichs der eingegangenen Angebote, der Teilnahme an Preisverhandlungen, der Unterst\u00fctzung bei der Auswahl des Generalunternehmers oder \u2013 im Falle eines Multi-Contractor-Modells \u2013 der einzelnen professionellen Auftragnehmer und des Abschlusses von Vertr\u00e4gen.<\/li>\n<li><strong>Koordination der Umsetzung:<\/strong><br \/>Wir \u00fcbernehmen die direkte Verwaltung des Bauarbeitsplatzes, wobei wir die Bau- und Installationsarbeiten an der Konstruktion koordinieren, die Ausf\u00fchrung gem\u00e4\u00df den beh\u00f6rdlichen Vorschriften, Genehmigungen und den damit verbundenen technischen Pl\u00e4nen sicherstellen und den Bauablauf organisieren.<\/li>\n<li><strong>Mieter- oder Kundenkoordination:<\/strong><br \/>Mit Hilfe unserer Verkaufsexperten bewerten wir die Durchsetzung der technischen Aspekte von Mietern und K\u00e4ufern w\u00e4hrend des Projekts vollst\u00e4ndig.<\/li>\n<\/ul>\n<p style=\"text-align: center;\"><span style=\"font-size: 1.25em;\"><strong>MANAGEMENT VON AUSSCHREIBUNGSPROJEKTEN<\/strong><\/span><\/p>\n<p style=\"text-align: left;\">Da die Ausschreibung die Prozesse der Angebotserstellung und des Projektmanagements trennt, betrachten wir bei Ausschreibungsprojekten den Prozess, der nach der erfolgreichen Ausschreibung beginnt und mit der vollst\u00e4ndigen finanziellen und professionellen Umsetzung verbunden ist, sowie den Prozess bis zur obligatorischen Wartung als Projekte und deren Koordination und volle professionelle Hintergrundunterst\u00fctzung als Projektmanagement. Wir verf\u00fcgen \u00fcber umfangreiche Erfahrung in der Vorbereitung und vollst\u00e4ndigen Verwaltung von Antr\u00e4gen, von der Einreichung bis zum Abschluss des Grant Agreements. Auch die Aufgabe, Ausschreibungen zu gewinnen und Angebote zu verfassen, ist sehr komplex, aber eine positive F\u00f6rderentscheidung ist nur der erste Schritt auf dem Weg zur Umsetzung eines erfolgreichen Projekts. Gutes Projektmanagement ist der Schl\u00fcssel zum erfolgreichen Bewerber.   <\/p>\n<p style=\"text-align: left;\"><strong>Im Rahmen der Projektmanagement-Dienstleistung \u00fcbernimmt unser Unternehmen folgende Aufgaben vom Projektinhaber:<\/strong><\/p>\n<ul style=\"text-align: left;\">\n<li>Verfassen und Bearbeiten von Bewerbungen w\u00e4hrend des Auswahlverfahrens (L\u00fccken f\u00fcllen, Fragen kl\u00e4ren)<\/li>\n<li>Abschluss einer Finanzhilfevereinbarung<\/li>\n<li>Erstellung von Projektfortschrittsberichten und Zahlungsaufforderungen f\u00fcr die Antragstellung<\/li>\n<li>Beziehungen zu den Ank\u00fcndigungs- und \u00dcberwachungsorganisationen und ihren Vertretern<\/li>\n<li>Unterst\u00fctzung des Antragstellers bei der finanziellen Abwicklung des Projekts in Zusammenarbeit mit den Stakeholdern des Projekts (Antragsteller, Buchhalter, Lieferanten, Auftragnehmer, Zwischenstelle)<\/li>\n<li>Pers\u00f6nliche Beratung, Durchf\u00fchrung von Projektmeetings<\/li>\n<li>Erstellung des abschlie\u00dfenden Projektfortschrittsberichts und der Zahlungsaufforderung sowie Zusammenstellung ihrer M\u00e4ngel<\/li>\n<li>Teilnahme an Vor-Ort-Kontrollen<\/li>\n<li>\u00c4nderung und Erstellung der notwendigen Dokumentation und Dokumente (Grant Agreement) im Zusammenhang mit dem Projekt<\/li>\n<li>Erstellung von Berichten w\u00e4hrend der gesamten Wartungsphase des Projekts bis zu dessen Abschluss.<\/li>\n<\/ul>\n<p style=\"text-align: left;\">Wir unterst\u00fctzen den Bewerber bei der Umsetzung der obligatorischen Aktivit\u00e4ten der Bewerbung und bei der Erf\u00fcllung der Verpflichtungen im Zusammenhang mit den Grunds\u00e4tzen der Chancengleichheit und Nachhaltigkeit.<\/p>\n<\/div>\n<p>[\/et_pb_text][\/et_pb_column][\/et_pb_row][et_pb_row _builder_version=&#8220;4.27.2&#8243; _module_preset=&#8220;default&#8220; global_colors_info=&#8220;{}&#8220;][et_pb_column type=&#8220;4_4&#8243; _builder_version=&#8220;4.27.2&#8243; _module_preset=&#8220;default&#8220; global_colors_info=&#8220;{}&#8220;][et_pb_image src=&#8220;https:\/\/fct.hu\/wp-content\/uploads\/2024\/11\/fiscont-logo.svg&#8220; title_text=&#8220;Fiscon-Logo&#8220; align=&#8220;center&#8220; _builder_version=&#8220;4.27.2&#8243; _module_preset=&#8220;default&#8220; width=&#8220;58%&#8220; global_colors_info=&#8220;{}&#8220;][\/et_pb_image][\/et_pb_column][\/et_pb_row][et_pb_row _builder_version=&#8220;4.27.2&#8243; _module_preset=&#8220;default&#8220; global_colors_info=&#8220;{}&#8220;][et_pb_column type=&#8220;4_4&#8243; _builder_version=&#8220;4.27.2&#8243; _module_preset=&#8220;default&#8220; global_colors_info=&#8220;{}&#8220;][et_pb_button button_url=&#8220;@ET-DC@eyJkeW5hbWljIjp0cnVlLCJjb250ZW50IjoicG9zdF9saW5rX3VybF9wYWdlIiwic2V0dGluZ3MiOnsicG9zdF9pZCI6IjcxIn19@&#8220; button_text=&#8220;Referenzen&#8220; button_alignment=&#8220;center&#8220; _builder_version=&#8220;4.27.2&#8243; _dynamic_attributes=&#8220;button_url&#8220; _module_preset=&#8220;default&#8220; custom_button=&#8220;on&#8220; button_text_color=&#8220;#FFFFFF&#8220; button_bg_color=&#8220;#75c8f1&#8243; button_icon=&#8220;&#xe0ec;||divi||400&#8243; button_icon_color=&#8220;#000000&#8243; global_colors_info=&#8220;{}&#8220;][\/et_pb_button][\/et_pb_column][\/et_pb_row][\/et_pb_section]<\/p>\n","protected":false},"excerpt":{"rendered":"<p>Immobilienentwicklung, Projektmanagement Die Immobilienentwicklung hat sich in den letzten Jahren zu einer stabilen Gesch\u00e4ftseinheit innerhalb der Holding entwickelt. Die Wahl des Standortes, die Definition der passenden Zielgruppe und die Wahl der passenden technischen Inhalte in Kombination mit neuen Technologien sind die Schl\u00fcssel f\u00fcr erfolgreiche Immobilienentwicklungen. Dank unserer Ingenieure und exzellenten Fachleute schaffen wir hochwertige H\u00e4user. [&hellip;]<\/p>\n","protected":false},"author":1,"featured_media":0,"parent":1203,"menu_order":0,"comment_status":"closed","ping_status":"closed","template":"","meta":{"_et_pb_use_builder":"on","_et_pb_old_content":"","_et_gb_content_width":"","inline_featured_image":false,"footnotes":""},"class_list":["post-1389","page","type-page","status-publish","hentry"],"_links":{"self":[{"href":"https:\/\/fct.hu\/de\/wp-json\/wp\/v2\/pages\/1389","targetHints":{"allow":["GET"]}}],"collection":[{"href":"https:\/\/fct.hu\/de\/wp-json\/wp\/v2\/pages"}],"about":[{"href":"https:\/\/fct.hu\/de\/wp-json\/wp\/v2\/types\/page"}],"author":[{"embeddable":true,"href":"https:\/\/fct.hu\/de\/wp-json\/wp\/v2\/users\/1"}],"replies":[{"embeddable":true,"href":"https:\/\/fct.hu\/de\/wp-json\/wp\/v2\/comments?post=1389"}],"version-history":[{"count":7,"href":"https:\/\/fct.hu\/de\/wp-json\/wp\/v2\/pages\/1389\/revisions"}],"predecessor-version":[{"id":1767,"href":"https:\/\/fct.hu\/de\/wp-json\/wp\/v2\/pages\/1389\/revisions\/1767"}],"up":[{"embeddable":true,"href":"https:\/\/fct.hu\/de\/wp-json\/wp\/v2\/pages\/1203"}],"wp:attachment":[{"href":"https:\/\/fct.hu\/de\/wp-json\/wp\/v2\/media?parent=1389"}],"curies":[{"name":"wp","href":"https:\/\/api.w.org\/{rel}","templated":true}]}}