{"id":1372,"date":"2024-11-07T10:57:34","date_gmt":"2024-11-07T09:57:34","guid":{"rendered":"https:\/\/fct.hu\/aktivitaet\/spezialisierte-bauarbeiten\/"},"modified":"2024-11-17T17:41:45","modified_gmt":"2024-11-17T16:41:45","slug":"spezialisierte-bauarbeiten","status":"publish","type":"page","link":"https:\/\/fct.hu\/de\/aktivitaet\/spezialisierte-bauarbeiten\/","title":{"rendered":"Spezialisierte Bauarbeiten"},"content":{"rendered":"\n[et_pb_section fb_built=&#8220;1&#8243; admin_label=&#8220;Hero&#8220; _builder_version=&#8220;4.27.2&#8243; use_background_color_gradient=&#8220;on&#8220; background_color_gradient_type=&#8220;circular&#8220; background_color_gradient_direction_radial=&#8220;top left&#8220; background_color_gradient_stops=&#8220;rgba(40,40,40,0.79) 0%|rgba(40,40,40,0.86) 100%&#8220; background_color_gradient_overlays_image=&#8220;on&#8220; background_color_gradient_start=&#8220;rgba(40,40,40,0.79)&#8220; background_color_gradient_end=&#8220;rgba(40,40,40,0.86)&#8220; background_image=&#8220;https:\/\/fct.hu\/wp-content\/uploads\/2024\/11\/construction-33.jpg&#8220; custom_margin=&#8220;||||false&#8220; custom_padding=&#8220;10vw||10vw||true|false&#8220; global_colors_info=&#8220;{}&#8220;][et_pb_row _builder_version=&#8220;4.16&#8243; global_colors_info=&#8220;{}&#8220;][et_pb_column type=&#8220;4_4&#8243; _builder_version=&#8220;4.16&#8243; custom_padding=&#8220;|||&#8220; global_colors_info=&#8220;{}&#8220; custom_padding__hover=&#8220;|||&#8220;][et_pb_text _builder_version=&#8220;4.27.2&#8243; text_font=&#8220;||||||||&#8220; header_font=&#8220;Rubik|700|||||||&#8220; header_font_size=&#8220;64px&#8220; header_line_height=&#8220;1.1em&#8220; background_layout=&#8220;dark&#8220; max_width=&#8220;800px&#8220; custom_margin=&#8220;||0px|&#8220; custom_padding=&#8220;|||16px&#8220; hover_enabled=&#8220;0&#8243; text_font_size_tablet=&#8220;14px&#8220; text_font_size_last_edited=&#8220;off|desktop&#8220; header_font_size_tablet=&#8220;44px&#8220; header_font_size_phone=&#8220;32px&#8220; header_font_size_last_edited=&#8220;on|phone&#8220; border_color_all=&#8220;#ffb400&#8243; border_width_left=&#8220;10px&#8220; border_color_left=&#8220;#75c8f1&#8243; global_colors_info=&#8220;{}&#8220; sticky_enabled=&#8220;0&#8243;]<h1>Spezialisierte Bauarbeiten<\/h1>[\/et_pb_text][\/et_pb_column][\/et_pb_row][\/et_pb_section][et_pb_section fb_built=&#8220;1&#8243; _builder_version=&#8220;4.27.2&#8243; _module_preset=&#8220;default&#8220; background_color=&#8220;#f7f7f7&#8243; global_colors_info=&#8220;{}&#8220;][et_pb_row _builder_version=&#8220;4.27.2&#8243; _module_preset=&#8220;default&#8220; global_colors_info=&#8220;{}&#8220;][et_pb_column type=&#8220;4_4&#8243; _builder_version=&#8220;4.27.2&#8243; _module_preset=&#8220;default&#8220; global_colors_info=&#8220;{}&#8220;][et_pb_text _builder_version=&#8220;4.27.2&#8243; _module_preset=&#8220;default&#8220; hover_enabled=&#8220;0&#8243; global_colors_info=&#8220;{}&#8220; sticky_enabled=&#8220;0&#8243;]<div class=\"statText\">\n                    <p style=\"text-align: center;\"><strong>DIE SCHIEBESCHALUNGSTECHNIK<\/strong><\/p>\n<p style=\"text-align: left;\">Beim Einsatz der Gleitschalungstechnik wird Beton in eine sich st\u00e4ndig bewegende Schalung gegossen. Beim Betonieren hebt sich die Schalung mit geringer Geschwindigkeit senkrecht an, wodurch sich der Beton w\u00e4hrend der Bewegung des Schalungssystems verfestigen kann und die Konstruktion ohne St\u00fctze sicher stehen kann. Abh\u00e4ngig von der Art der Konstruktion sowie den unterschiedlichen Wetterbedingungen kann die H\u00f6he der Gleitschalung in einem 24-Stunden-Zyklus 2-4 Meter erreichen. Die Gleitschalungstechnik kann in der Regel zwischen 5\u00b0C und 30\u00b0C betrieben werden, dieser Temperaturbereich kann jedoch durch eine spezielle Schutzumgebung erh\u00f6ht werden.   <br><br>Die Gleitschalung ist die wirtschaftlichste und kosteng\u00fcnstigste Option f\u00fcr den Bau von hohen Objekten (dh f\u00fcr Einrichtungen mit 5 Stockwerken oder mehr), da sie die schnellste Methode zum Bau vertikaler Stahlbetonkonstruktionen ist.<br><br><strong>DIE SCHIEBESCHALUNGSTECHNIK WIRD AM H\u00c4UFIGSTEN BEIM BAU FOLGENDER ARTEN VON ANLAGEN EINGESETZT:<br><\/strong><\/p>\n<ul>\n<li>Kamine<\/li>\n<li>Aufzugssch\u00e4chte und Treppenh\u00e4user<\/li>\n<li>Service-Minen<\/li>\n<li>Lagereinrichtungen f\u00fcr Fl\u00fcssigkeiten<\/li>\n<li>Silos<\/li>\n<li>Gravitationsbetonkonstruktionen, z.B. \u00d6lplattformen<\/li>\n<li>Br\u00fcckenpfeiler, Pfeiler<\/li>\n<\/ul>\n<p style=\"text-align: left;\"><strong><br>VORTEILE DER SCHIEBESCHALUNG GEGEN\u00dcBER ANDEREN BAUTECHNOLOGIEN<br><\/strong><\/p>\n<ul>\n<li>Mit Gleitschalungen kann eine hohe Effizienz erreicht werden<\/li>\n<li>Mit Gleitschalungen k\u00f6nnen Anlagen in verschiedenen Formen realisiert werden, wie z.B. eckige, ovale, kreisf\u00f6rmige und konische Strukturen sowie variable Kegelquerschnitte<\/li>\n<li>Die Methode erfordert nur minimale Ger\u00fcste und tempor\u00e4re Arbeiten, so dass die Baustelle auch sicherer ist<\/li>\n<li>An der Unterseite der Steigschalung kann sofort eine vorgefertigte Betonoberfl\u00e4che hergestellt werden<\/li>\n<li>Gleitschalungen erfordern eine kleine, hochqualifizierte Belegschaft<br>Es k\u00f6nnen Strukturen mit variabler Wandst\u00e4rke gebaut werden<\/li>\n<\/ul>\n<p style=\"text-align: center;\"><strong><br>KONSTRUKTION, FERTIGUNG UND MONTAGE<br> <\/strong><\/p>\n<p style=\"text-align: justify;\">Unsere Produktionsabteilung produziert schwere und leichte Stahlkonstruktionen, Panzer und Roboterrahmen. Unsere Montageabteilung befasst sich mit der Montage von Industrierohren und Stahlkonstruktionen im ganzen Land. Neben unserem wettbewerbsf\u00e4higen Team von Fachleuten ist unser hochmoderner Maschinenpark der Schl\u00fcssel zu unserer Qualit\u00e4tsarbeit. Wir verf\u00fcgen \u00fcber mehrere Hochleistungs-Schwei\u00dfmaschinen MAHE und Kemmpi, einen 6\u00d73 Meter CNC-gesteuerten Flammen- und Plasmaschneider, sowie Handwerkzeuge f\u00fcr individuelle Arbeiten. Ein Drehgestell-Teleskoplader vom Typ Manitou MRT2150 hilft uns bei der Montage und Installation schwerer Stahlkonstruktionen vor Ort.    <\/p>                <\/div>[\/et_pb_text][\/et_pb_column][\/et_pb_row][et_pb_row _builder_version=&#8220;4.27.2&#8243; _module_preset=&#8220;default&#8220; global_colors_info=&#8220;{}&#8220;][et_pb_column type=&#8220;4_4&#8243; _builder_version=&#8220;4.27.2&#8243; _module_preset=&#8220;default&#8220; global_colors_info=&#8220;{}&#8220;][et_pb_image src=&#8220;https:\/\/fct.hu\/wp-content\/uploads\/2024\/11\/fiscont-logo.svg&#8220; title_text=&#8220;Fiscon-Logo&#8220; align=&#8220;center&#8220; _builder_version=&#8220;4.27.2&#8243; _module_preset=&#8220;default&#8220; width=&#8220;58%&#8220; global_colors_info=&#8220;{}&#8220;][\/et_pb_image][\/et_pb_column][\/et_pb_row][et_pb_row _builder_version=&#8220;4.27.2&#8243; _module_preset=&#8220;default&#8220; global_colors_info=&#8220;{}&#8220;][et_pb_column type=&#8220;4_4&#8243; _builder_version=&#8220;4.27.2&#8243; _module_preset=&#8220;default&#8220; global_colors_info=&#8220;{}&#8220;][et_pb_button button_url=&#8220;@ET-DC@eyJkeW5hbWljIjp0cnVlLCJjb250ZW50IjoicG9zdF9saW5rX3VybF9wYWdlIiwic2V0dGluZ3MiOnsicG9zdF9pZCI6IjcxIn19@&#8220; button_text=&#8220;Referenzen&#8220; button_alignment=&#8220;center&#8220; _builder_version=&#8220;4.27.2&#8243; _dynamic_attributes=&#8220;button_url&#8220; _module_preset=&#8220;default&#8220; custom_button=&#8220;on&#8220; button_text_color=&#8220;#FFFFFF&#8220; button_bg_color=&#8220;#75c8f1&#8243; button_icon=&#8220;&#xe0ec;||divi||400&#8243; button_icon_color=&#8220;#000000&#8243; global_colors_info=&#8220;{}&#8220;][\/et_pb_button][\/et_pb_column][\/et_pb_row][\/et_pb_section]\n","protected":false},"excerpt":{"rendered":"<p>Spezialisierte Bauarbeiten DIE SCHIEBESCHALUNGSTECHNIK Beim Einsatz der Gleitschalungstechnik wird Beton in eine sich st\u00e4ndig bewegende Schalung gegossen. Beim Betonieren hebt sich die Schalung mit geringer Geschwindigkeit senkrecht an, wodurch sich der Beton w\u00e4hrend der Bewegung des Schalungssystems verfestigen kann und die Konstruktion ohne St\u00fctze sicher stehen kann. Abh\u00e4ngig von der Art der Konstruktion sowie den [&hellip;]<\/p>\n","protected":false},"author":1,"featured_media":0,"parent":1203,"menu_order":0,"comment_status":"closed","ping_status":"closed","template":"","meta":{"_et_pb_use_builder":"on","_et_pb_old_content":"","_et_gb_content_width":"","inline_featured_image":false,"footnotes":""},"class_list":["post-1372","page","type-page","status-publish","hentry"],"_links":{"self":[{"href":"https:\/\/fct.hu\/de\/wp-json\/wp\/v2\/pages\/1372","targetHints":{"allow":["GET"]}}],"collection":[{"href":"https:\/\/fct.hu\/de\/wp-json\/wp\/v2\/pages"}],"about":[{"href":"https:\/\/fct.hu\/de\/wp-json\/wp\/v2\/types\/page"}],"author":[{"embeddable":true,"href":"https:\/\/fct.hu\/de\/wp-json\/wp\/v2\/users\/1"}],"replies":[{"embeddable":true,"href":"https:\/\/fct.hu\/de\/wp-json\/wp\/v2\/comments?post=1372"}],"version-history":[{"count":2,"href":"https:\/\/fct.hu\/de\/wp-json\/wp\/v2\/pages\/1372\/revisions"}],"predecessor-version":[{"id":1780,"href":"https:\/\/fct.hu\/de\/wp-json\/wp\/v2\/pages\/1372\/revisions\/1780"}],"up":[{"embeddable":true,"href":"https:\/\/fct.hu\/de\/wp-json\/wp\/v2\/pages\/1203"}],"wp:attachment":[{"href":"https:\/\/fct.hu\/de\/wp-json\/wp\/v2\/media?parent=1372"}],"curies":[{"name":"wp","href":"https:\/\/api.w.org\/{rel}","templated":true}]}}