{"id":1333,"date":"2024-11-08T11:55:12","date_gmt":"2024-11-08T10:55:12","guid":{"rendered":"https:\/\/fct.hu\/referenzen\/pro-konzept\/"},"modified":"2024-11-17T17:05:28","modified_gmt":"2024-11-17T16:05:28","slug":"pro-konzept","status":"publish","type":"page","link":"https:\/\/fct.hu\/de\/referenzen\/pro-konzept\/","title":{"rendered":"Modularer Aufbau"},"content":{"rendered":"<p>[et_pb_section fb_built=&#8220;1&#8243; admin_label=&#8220;Hero&#8220; _builder_version=&#8220;4.27.2&#8243; use_background_color_gradient=&#8220;on&#8220; background_color_gradient_type=&#8220;elliptical&#8220; background_color_gradient_direction_radial=&#8220;top left&#8220; background_color_gradient_stops=&#8220;rgba(40,40,40,0.79) 0%|rgba(40,40,40,0.86) 100%&#8220; background_color_gradient_overlays_image=&#8220;on&#8220; background_color_gradient_start=&#8220;rgba(40,40,40,0.79)&#8220; background_color_gradient_end=&#8220;rgba(40,40,40,0.86)&#8220; background_image=&#8220;https:\/\/fct.hu\/wp-content\/uploads\/2024\/11\/pkcprosi2-scaled.jpeg&#8220; background_enable_video_mp4=&#8220;off&#8220; height_tablet=&#8220;&#8220; height_phone=&#8220;300px&#8220; height_last_edited=&#8220;on|phone&#8220; custom_margin=&#8220;||||false&#8220; custom_padding=&#8220;10vw||10vw||true|false&#8220; global_colors_info=&#8220;{}&#8220;][et_pb_row _builder_version=&#8220;4.16&#8243; hover_enabled=&#8220;0&#8243; global_colors_info=&#8220;{}&#8220; sticky_enabled=&#8220;0&#8243;][et_pb_column type=&#8220;4_4&#8243; _builder_version=&#8220;4.16&#8243; custom_padding=&#8220;|||&#8220; global_colors_info=&#8220;{}&#8220; custom_padding__hover=&#8220;|||&#8220;][et_pb_text _builder_version=&#8220;4.27.3&#8243; text_font=&#8220;||||||||&#8220; header_font=&#8220;Rubik|700|||||||&#8220; header_font_size=&#8220;64px&#8220; header_line_height=&#8220;1.1em&#8220; background_layout=&#8220;dark&#8220; max_width=&#8220;800px&#8220; custom_margin=&#8220;||0px|&#8220; custom_padding=&#8220;|||16px&#8220; hover_enabled=&#8220;0&#8243; text_font_size_tablet=&#8220;14px&#8220; text_font_size_last_edited=&#8220;off|desktop&#8220; header_font_size_tablet=&#8220;44px&#8220; header_font_size_phone=&#8220;32px&#8220; header_font_size_last_edited=&#8220;on|phone&#8220; border_color_all=&#8220;#ffb400&#8243; border_width_left=&#8220;10px&#8220; border_color_left=&#8220;#75c8f1&#8243; global_colors_info=&#8220;{}&#8220; sticky_enabled=&#8220;0&#8243;]<\/p>\n<h1>Modularer Aufbau<\/h1>\n<p>[\/et_pb_text][\/et_pb_column][\/et_pb_row][\/et_pb_section][et_pb_section fb_built=&#8220;1&#8243; _builder_version=&#8220;4.27.2&#8243; _module_preset=&#8220;default&#8220; background_color=&#8220;#f7f7f7&#8243; global_colors_info=&#8220;{}&#8220;][et_pb_row column_structure=&#8220;1_2,1_2&#8243; _builder_version=&#8220;4.27.2&#8243; _module_preset=&#8220;default&#8220; width=&#8220;100%&#8220; max_width=&#8220;100%&#8220; custom_margin=&#8220;|30px||30px|false|false&#8220; global_colors_info=&#8220;{}&#8220;][et_pb_column type=&#8220;1_2&#8243; _builder_version=&#8220;4.27.2&#8243; _module_preset=&#8220;default&#8220; global_colors_info=&#8220;{}&#8220;][et_pb_heading title=&#8220;Einfache und vielseitige Baubarkeit&#8220; _builder_version=&#8220;4.27.2&#8243; _module_preset=&#8220;default&#8220; title_text_color=&#8220;#75c8f1&#8243; global_colors_info=&#8220;{}&#8220;][\/et_pb_heading][et_pb_text _builder_version=&#8220;4.27.2&#8243; _module_preset=&#8220;default&#8220; global_colors_info=&#8220;{}&#8220;]<\/p>\n<div class=\"elementor-element elementor-element-33aace37 elementor-widget elementor-widget-heading\" data-id=\"33aace37\" data-element_type=\"widget\" data-widget_type=\"heading.default\">\n<div class=\"elementor-widget-container\">\n<h2 class=\"elementor-heading-title elementor-size-default\" style=\"text-align: left;\"><\/h2>\n<\/div>\n<\/div>\n<div class=\"elementor-element elementor-element-3d5e246c elementor-widget elementor-widget-text-editor\" data-id=\"3d5e246c\" data-element_type=\"widget\" data-widget_type=\"text-editor.default\">\n<div class=\"elementor-widget-container\">\n<p style=\"text-align: left;\"><strong>Das Wesen des Systems liegt in seiner einfachen Konstruktion; Die Technologie erm\u00f6glicht es, den konstruktiven Aufbau und die perfekte, w\u00e4rmebr\u00fcckenfreie W\u00e4rmed\u00e4mmung in einem Schritt zu l\u00f6sen. Bei unserem Bausystem handelt es sich um eine Restw\u00e4rmed\u00e4mmschalung aus dem deutschen BASF-Werkstoff NEOPOR. <\/strong><br \/>BASF hat vor mehr als 60 Jahren mit der Entwicklung ihres Know-hows und ihrer Produkte f\u00fcr Polystyrolsch\u00e4ume begonnen. Im Jahr 1951 wurde das klassische wei\u00dfe expandierbare Polystyrolprodukt des Unternehmens unter dem Namen Styropor\u00ae patentiert. Es wurde in zahlreichen Isolations- und Verpackungsl\u00f6sungen eingesetzt.<br \/>Im Jahr 1997 machte die BASF einen weiteren gro\u00dfen Schritt nach vorne, als ihre Ingenieure entdeckten, dass sich die D\u00e4mmeigenschaften von wei\u00dfem EPS durch die Anreicherung des Materials mit winzigen Graphitpartikeln deutlich verbessern lassen. Das Ergebnis ist ein neues Produkt mit verbesserter Leistung in der D\u00e4mmfunktion: Neopor\u00ae, das sich seitdem zu einer \u00e4u\u00dferst erfolgreichen und angesehenen Marke entwickelt hat \u2013 wie die unglaubliche Anzahl von Bauprojekten in ganz Europa zeigt, bei denen es eingesetzt wird.   <\/p>\n<\/div>\n<\/div>\n<p>[\/et_pb_text][\/et_pb_column][et_pb_column type=&#8220;1_2&#8243; _builder_version=&#8220;4.27.2&#8243; _module_preset=&#8220;default&#8220; global_colors_info=&#8220;{}&#8220;][et_pb_image src=&#8220;https:\/\/fct.hu\/wp-content\/uploads\/2024\/11\/fct_prokoncept1.jpeg&#8220; title_text=&#8220;fct_prokoncept1&#8243; align=&#8220;center&#8220; _builder_version=&#8220;4.27.2&#8243; _module_preset=&#8220;default&#8220; width=&#8220;48%&#8220; global_colors_info=&#8220;{}&#8220;][\/et_pb_image][\/et_pb_column][\/et_pb_row][et_pb_row column_structure=&#8220;1_2,1_2&#8243; _builder_version=&#8220;4.27.2&#8243; _module_preset=&#8220;default&#8220; width=&#8220;100%&#8220; max_width=&#8220;100%&#8220; custom_margin=&#8220;|30px||30px|false|false&#8220; global_colors_info=&#8220;{}&#8220;][et_pb_column type=&#8220;1_2&#8243; _builder_version=&#8220;4.27.2&#8243; _module_preset=&#8220;default&#8220; global_colors_info=&#8220;{}&#8220;][et_pb_image src=&#8220;https:\/\/fct.hu\/wp-content\/uploads\/2024\/11\/fct_prokoncept2.jpeg&#8220; title_text=&#8220;fct_prokoncept2&#8243; align=&#8220;center&#8220; _builder_version=&#8220;4.27.2&#8243; _module_preset=&#8220;default&#8220; width=&#8220;48%&#8220; global_colors_info=&#8220;{}&#8220;][\/et_pb_image][\/et_pb_column][et_pb_column type=&#8220;1_2&#8243; _builder_version=&#8220;4.27.2&#8243; _module_preset=&#8220;default&#8220; global_colors_info=&#8220;{}&#8220;][et_pb_heading title=&#8220;Neopor f\u00fcr hervorragende Isolierung&#8220; _builder_version=&#8220;4.27.2&#8243; _module_preset=&#8220;default&#8220; title_text_color=&#8220;#75c8f1&#8243; global_colors_info=&#8220;{}&#8220;][\/et_pb_heading][et_pb_text _builder_version=&#8220;4.27.2&#8243; _module_preset=&#8220;default&#8220; custom_padding=&#8220;1px|||||&#8220; hover_enabled=&#8220;0&#8243; global_colors_info=&#8220;{}&#8220; sticky_enabled=&#8220;0&#8243;]<\/p>\n<div class=\"elementor-element elementor-element-33aace37 elementor-widget elementor-widget-heading\" data-id=\"33aace37\" data-element_type=\"widget\" data-widget_type=\"heading.default\">\n<div class=\"elementor-widget-container\">\n<div class=\"elementor-element elementor-element-5be279a4 elementor-widget elementor-widget-heading\" data-id=\"5be279a4\" data-element_type=\"widget\" data-widget_type=\"heading.default\">\n<div class=\"elementor-widget-container\">\n<h2 class=\"elementor-heading-title elementor-size-default\"><\/h2>\n<\/div>\n<\/div>\n<div class=\"elementor-element elementor-element-5442af0c elementor-widget elementor-widget-text-editor\" data-id=\"5442af0c\" data-element_type=\"widget\" data-widget_type=\"text-editor.default\">\n<div class=\"elementor-widget-container\">\n<p>Neopor\u00ae ist eine Weiterentwicklung des klassischen Polystyrolschaums Styropor\u00ae der BASF, der Graphitpartikel enth\u00e4lt. Dies erm\u00f6glicht<strong><span> <\/span>eine bis zu 20 Prozent bessere W\u00e4rmed\u00e4mmung<\/strong> <span> <\/span>F\u00e4higkeit, Produkte so herzustellen, als ob gew\u00f6hnliches wei\u00dfes Polystyrol verwendet w\u00fcrde. Das Ergebnis ist ein hervorragendes Kosten-Nutzen-Verh\u00e4ltnis. Neopor ist das kraftvolle Original Grau mit einer W\u00e4rmeleitf\u00e4higkeit von 0,030-0,035 W\/m*K (10\u00b0C)  <\/p>\n<p>Neopor funktioniert wie eine herk\u00f6mmliche Isolierung, mit einem Hauptunterschied: Hochreine Graphitpartikel verleihen der Isolierung reflektierende Eigenschaften, was die Energieeffizienz des Materials erh\u00f6ht.<\/p>\n<\/div>\n<\/div>\n<\/div>\n<\/div>\n<p>[\/et_pb_text][\/et_pb_column][\/et_pb_row][et_pb_row use_custom_gutter=&#8220;on&#8220; _builder_version=&#8220;4.27.2&#8243; max_width=&#8220;100%&#8220; custom_margin=&#8220;|||&#8220; global_colors_info=&#8220;{}&#8220;][et_pb_column type=&#8220;4_4&#8243; _builder_version=&#8220;4.16&#8243; custom_padding=&#8220;|||&#8220; global_colors_info=&#8220;{}&#8220; custom_padding__hover=&#8220;|||&#8220;][et_pb_heading title=&#8220;Galerie&#8220; _builder_version=&#8220;4.27.2&#8243; _module_preset=&#8220;default&#8220; title_text_align=&#8220;center&#8220; title_text_color=&#8220;#75c8f1&#8243; title_font_size=&#8220;40px&#8220; global_colors_info=&#8220;{}&#8220;][\/et_pb_heading][et_pb_gallery gallery_ids=&#8220;417,406,405,404,403,402,401,400&#8243; gallery_orderby=&#8220;rand&#8220; orientation=&#8220;portrait&#8220; show_title_and_caption=&#8220;off&#8220; hover_overlay_color=&#8220;rgba(255,255,255,0.77)&#8220; _builder_version=&#8220;4.27.2&#8243; _module_preset=&#8220;default&#8220; box_shadow_style_image=&#8220;preset2&#8243; global_colors_info=&#8220;{}&#8220;][\/et_pb_gallery][\/et_pb_column][\/et_pb_row][et_pb_row _builder_version=&#8220;4.27.2&#8243; _module_preset=&#8220;default&#8220; global_colors_info=&#8220;{}&#8220;][et_pb_column type=&#8220;4_4&#8243; _builder_version=&#8220;4.27.2&#8243; _module_preset=&#8220;default&#8220; global_colors_info=&#8220;{}&#8220;][\/et_pb_column][\/et_pb_row][et_pb_row _builder_version=&#8220;4.27.2&#8243; _module_preset=&#8220;default&#8220; global_colors_info=&#8220;{}&#8220;][et_pb_column type=&#8220;4_4&#8243; _builder_version=&#8220;4.27.2&#8243; _module_preset=&#8220;default&#8220; global_colors_info=&#8220;{}&#8220;][et_pb_button button_url=&#8220;@ET-DC@eyJkeW5hbWljIjp0cnVlLCJjb250ZW50IjoicG9zdF9saW5rX3VybF9wYWdlIiwic2V0dGluZ3MiOnsicG9zdF9pZCI6IjcxIn19@&#8220; button_text=&#8220;Referenzen&#8220; button_alignment=&#8220;center&#8220; _builder_version=&#8220;4.27.2&#8243; _dynamic_attributes=&#8220;button_url&#8220; _module_preset=&#8220;default&#8220; custom_button=&#8220;on&#8220; button_text_color=&#8220;#FFFFFF&#8220; button_bg_color=&#8220;#75c8f1&#8243; button_icon=&#8220;&#xe0ec;||divi||400&#8243; button_icon_color=&#8220;#000000&#8243; global_colors_info=&#8220;{}&#8220;][\/et_pb_button][\/et_pb_column][\/et_pb_row][\/et_pb_section]<\/p>\n","protected":false},"excerpt":{"rendered":"<p>Modularer Aufbau Das Wesen des Systems liegt in seiner einfachen Konstruktion; Die Technologie erm\u00f6glicht es, den konstruktiven Aufbau und die perfekte, w\u00e4rmebr\u00fcckenfreie W\u00e4rmed\u00e4mmung in einem Schritt zu l\u00f6sen. Bei unserem Bausystem handelt es sich um eine Restw\u00e4rmed\u00e4mmschalung aus dem deutschen BASF-Werkstoff NEOPOR. BASF hat vor mehr als 60 Jahren mit der Entwicklung ihres Know-hows und [&hellip;]<\/p>\n","protected":false},"author":1,"featured_media":0,"parent":1245,"menu_order":0,"comment_status":"closed","ping_status":"closed","template":"","meta":{"_et_pb_use_builder":"on","_et_pb_old_content":"","_et_gb_content_width":"","inline_featured_image":false,"footnotes":""},"class_list":["post-1333","page","type-page","status-publish","hentry"],"_links":{"self":[{"href":"https:\/\/fct.hu\/de\/wp-json\/wp\/v2\/pages\/1333","targetHints":{"allow":["GET"]}}],"collection":[{"href":"https:\/\/fct.hu\/de\/wp-json\/wp\/v2\/pages"}],"about":[{"href":"https:\/\/fct.hu\/de\/wp-json\/wp\/v2\/types\/page"}],"author":[{"embeddable":true,"href":"https:\/\/fct.hu\/de\/wp-json\/wp\/v2\/users\/1"}],"replies":[{"embeddable":true,"href":"https:\/\/fct.hu\/de\/wp-json\/wp\/v2\/comments?post=1333"}],"version-history":[{"count":11,"href":"https:\/\/fct.hu\/de\/wp-json\/wp\/v2\/pages\/1333\/revisions"}],"predecessor-version":[{"id":1737,"href":"https:\/\/fct.hu\/de\/wp-json\/wp\/v2\/pages\/1333\/revisions\/1737"}],"up":[{"embeddable":true,"href":"https:\/\/fct.hu\/de\/wp-json\/wp\/v2\/pages\/1245"}],"wp:attachment":[{"href":"https:\/\/fct.hu\/de\/wp-json\/wp\/v2\/media?parent=1333"}],"curies":[{"name":"wp","href":"https:\/\/api.w.org\/{rel}","templated":true}]}}