{"id":1269,"date":"2024-11-07T15:20:53","date_gmt":"2024-11-07T14:20:53","guid":{"rendered":"https:\/\/fct.hu\/impressum\/"},"modified":"2024-11-09T11:46:27","modified_gmt":"2024-11-09T10:46:27","slug":"impressum","status":"publish","type":"page","link":"https:\/\/fct.hu\/de\/impressum\/","title":{"rendered":"Impressum"},"content":{"rendered":"\n[et_pb_section fb_built=&#8220;1&#8243; admin_label=&#8220;Hero&#8220; _builder_version=&#8220;4.27.2&#8243; use_background_color_gradient=&#8220;on&#8220; background_color_gradient_type=&#8220;circular&#8220; background_color_gradient_direction_radial=&#8220;top left&#8220; background_color_gradient_stops=&#8220;rgba(40,40,40,0.79) 0%|rgba(40,40,40,0.86) 100%&#8220; background_color_gradient_overlays_image=&#8220;on&#8220; background_color_gradient_start=&#8220;rgba(40,40,40,0.79)&#8220; background_color_gradient_end=&#8220;rgba(40,40,40,0.86)&#8220; background_image=&#8220;https:\/\/fct.hu\/wp-content\/uploads\/2024\/11\/construction-33.jpg&#8220; custom_margin=&#8220;||||false&#8220; custom_padding=&#8220;10vw||10vw||true|false&#8220; global_colors_info=&#8220;{}&#8220;][et_pb_row _builder_version=&#8220;4.16&#8243; global_colors_info=&#8220;{}&#8220;][et_pb_column type=&#8220;4_4&#8243; _builder_version=&#8220;4.16&#8243; custom_padding=&#8220;|||&#8220; global_colors_info=&#8220;{}&#8220; custom_padding__hover=&#8220;|||&#8220;][et_pb_text _builder_version=&#8220;4.27.2&#8243; text_font=&#8220;||||||||&#8220; header_font=&#8220;Rubik|700|||||||&#8220; header_font_size=&#8220;64px&#8220; header_line_height=&#8220;1.1em&#8220; background_layout=&#8220;dark&#8220; max_width=&#8220;800px&#8220; custom_margin=&#8220;||0px|&#8220; custom_padding=&#8220;|||16px&#8220; hover_enabled=&#8220;0&#8243; text_font_size_tablet=&#8220;14px&#8220; text_font_size_last_edited=&#8220;off|desktop&#8220; header_font_size_tablet=&#8220;44px&#8220; header_font_size_phone=&#8220;32px&#8220; header_font_size_last_edited=&#8220;on|phone&#8220; border_color_all=&#8220;#ffb400&#8243; border_width_left=&#8220;10px&#8220; border_color_left=&#8220;#75c8f1&#8243; global_colors_info=&#8220;{}&#8220; sticky_enabled=&#8220;0&#8243;]<h1>Impressum<\/h1>[\/et_pb_text][\/et_pb_column][\/et_pb_row][\/et_pb_section][et_pb_section fb_built=&#8220;1&#8243; _builder_version=&#8220;4.27.2&#8243; _module_preset=&#8220;default&#8220; background_color=&#8220;#f7f7f7&#8243; global_colors_info=&#8220;{}&#8220;][et_pb_row _builder_version=&#8220;4.27.2&#8243; _module_preset=&#8220;default&#8220; global_colors_info=&#8220;{}&#8220;][et_pb_column type=&#8220;4_4&#8243; _builder_version=&#8220;4.27.2&#8243; _module_preset=&#8220;default&#8220; global_colors_info=&#8220;{}&#8220;][et_pb_text _builder_version=&#8220;4.27.2&#8243; _module_preset=&#8220;default&#8220; hover_enabled=&#8220;0&#8243; global_colors_info=&#8220;{}&#8220; sticky_enabled=&#8220;0&#8243;]<p><strong>WEBSITE GEPFLEGT VON:<\/strong><\/p>\n<ul>\n<li>Name der Firma:<span> <\/span><strong>FISCONT Zrt.<\/strong><\/li>\n<li>Hauptsitz: 2040 Buda\u00f6rs, Szabads\u00e1g \u00fat 117.<\/li>\n<li>Handelsregisternummer: 13-10-042109<\/li>\n<li>Steuernummer: 28792840-2-13<\/li>\n<\/ul>\n<p><strong>HOSTING-ANBIETER:<\/strong><\/p>\n<ul>\n<li>Name der Firma: SMB Best Admin Kft.<\/li>\n<li>Hauptsitz: 1165 Budapest, M\u00e1t\u00e9 utca 2.<\/li>\n<li>Handelsregisternummer: 13-09-133447<\/li>\n<li>Steuernummer: <span>11675334-2-42<\/span><\/li>\n<li>E-Mail-Adresse: info@smbbest.hu<\/li>\n<li>Webseite: <a href=\"https:\/\/smbbest.hu\">https:\/\/smbbest.hu<\/a><\/li>\n<\/ul>[\/et_pb_text][\/et_pb_column][\/et_pb_row][et_pb_row _builder_version=&#8220;4.27.2&#8243; _module_preset=&#8220;default&#8220; global_colors_info=&#8220;{}&#8220;][et_pb_column type=&#8220;4_4&#8243; _builder_version=&#8220;4.27.2&#8243; _module_preset=&#8220;default&#8220; global_colors_info=&#8220;{}&#8220;][et_pb_image src=&#8220;https:\/\/fct.hu\/wp-content\/uploads\/2024\/11\/fiscont-logo.svg&#8220; title_text=&#8220;Fiscon-Logo&#8220; align=&#8220;center&#8220; _builder_version=&#8220;4.27.2&#8243; _module_preset=&#8220;default&#8220; width=&#8220;58%&#8220; global_colors_info=&#8220;{}&#8220;][\/et_pb_image][\/et_pb_column][\/et_pb_row][\/et_pb_section]\n","protected":false},"excerpt":{"rendered":"<p>ImpressumWEBSITE GEPFLEGT VON: Name der Firma: FISCONT Zrt. Hauptsitz: 2040 Buda\u00f6rs, Szabads\u00e1g \u00fat 117. Handelsregisternummer: 13-10-042109 Steuernummer: 28792840-2-13 HOSTING-ANBIETER: Name der Firma: SMB Best Admin Kft. Hauptsitz: 1165 Budapest, M\u00e1t\u00e9 utca 2. Handelsregisternummer: 13-09-133447 Steuernummer: 11675334-2-42 E-Mail-Adresse: info@smbbest.hu Webseite: https:\/\/smbbest.hu<\/p>\n","protected":false},"author":1,"featured_media":0,"parent":0,"menu_order":0,"comment_status":"closed","ping_status":"closed","template":"","meta":{"_et_pb_use_builder":"on","_et_pb_old_content":"","_et_gb_content_width":"","inline_featured_image":false,"footnotes":""},"class_list":["post-1269","page","type-page","status-publish","hentry"],"_links":{"self":[{"href":"https:\/\/fct.hu\/de\/wp-json\/wp\/v2\/pages\/1269","targetHints":{"allow":["GET"]}}],"collection":[{"href":"https:\/\/fct.hu\/de\/wp-json\/wp\/v2\/pages"}],"about":[{"href":"https:\/\/fct.hu\/de\/wp-json\/wp\/v2\/types\/page"}],"author":[{"embeddable":true,"href":"https:\/\/fct.hu\/de\/wp-json\/wp\/v2\/users\/1"}],"replies":[{"embeddable":true,"href":"https:\/\/fct.hu\/de\/wp-json\/wp\/v2\/comments?post=1269"}],"version-history":[{"count":1,"href":"https:\/\/fct.hu\/de\/wp-json\/wp\/v2\/pages\/1269\/revisions"}],"predecessor-version":[{"id":1270,"href":"https:\/\/fct.hu\/de\/wp-json\/wp\/v2\/pages\/1269\/revisions\/1270"}],"wp:attachment":[{"href":"https:\/\/fct.hu\/de\/wp-json\/wp\/v2\/media?parent=1269"}],"curies":[{"name":"wp","href":"https:\/\/api.w.org\/{rel}","templated":true}]}}